{"id":7701,"date":"2023-06-18T10:04:31","date_gmt":"2023-06-18T08:04:31","guid":{"rendered":"http:\/\/chance-festival.com\/?page_id=7701"},"modified":"2024-08-08T09:18:50","modified_gmt":"2024-08-08T07:18:50","slug":"nos-actions-eco-responsables","status":"publish","type":"page","link":"http:\/\/archive.chance-festival.com\/fr\/nos-actions-eco-responsables\/","title":{"rendered":"Nos actions \u00e9cologiques"},"content":{"rendered":"[vc_row type=\u00a0\u00bbfull_width_content\u00a0\u00bb full_screen_row_position=\u00a0\u00bbmiddle\u00a0\u00bb column_margin=\u00a0\u00bbdefault\u00a0\u00bb column_direction=\u00a0\u00bbdefault\u00a0\u00bb column_direction_tablet=\u00a0\u00bbdefault\u00a0\u00bb column_direction_phone=\u00a0\u00bbdefault\u00a0\u00bb animated_gradient_bg=\u00a0\u00bbtrue\u00a0\u00bb animated_gradient_bg_color_1=\u00a0\u00bb#edc00b\u00a0\u00bb animated_gradient_bg_color_2=\u00a0\u00bb#0bc175&Prime; animated_gradient_bg_speed=\u00a0\u00bb1300&Prime; animated_gradient_bg_blending_mode=\u00a0\u00bblinear\u00a0\u00bb scene_position=\u00a0\u00bbcenter\u00a0\u00bb top_padding=\u00a0\u00bb10%\u00a0\u00bb bottom_padding=\u00a0\u00bb5%\u00a0\u00bb left_padding_desktop=\u00a0\u00bb27%\u00a0\u00bb constrain_group_2=\u00a0\u00bbyes\u00a0\u00bb right_padding_desktop=\u00a0\u00bb27%\u00a0\u00bb top_padding_tablet=\u00a0\u00bb20%\u00a0\u00bb bottom_padding_tablet=\u00a0\u00bb10%\u00a0\u00bb left_padding_tablet=\u00a0\u00bb20%\u00a0\u00bb constrain_group_4=\u00a0\u00bbyes\u00a0\u00bb right_padding_tablet=\u00a0\u00bb20%\u00a0\u00bb left_padding_phone=\u00a0\u00bb6%\u00a0\u00bb constrain_group_6=\u00a0\u00bbyes\u00a0\u00bb right_padding_phone=\u00a0\u00bb6%\u00a0\u00bb text_color=\u00a0\u00bbdark\u00a0\u00bb text_align=\u00a0\u00bbleft\u00a0\u00bb row_border_radius=\u00a0\u00bbnone\u00a0\u00bb row_border_radius_applies=\u00a0\u00bbbg\u00a0\u00bb overflow=\u00a0\u00bbvisible\u00a0\u00bb advanced_gradient_angle=\u00a0\u00bb0&Prime; overlay_strength=\u00a0\u00bb0.3&Prime; gradient_direction=\u00a0\u00bbleft_to_right\u00a0\u00bb enable_shape_divider=\u00a0\u00bbtrue\u00a0\u00bb shape_divider_color=\u00a0\u00bb#4a9e8d\u00a0\u00bb shape_divider_position=\u00a0\u00bbbottom\u00a0\u00bb bg_image_animation=\u00a0\u00bbnone\u00a0\u00bb gradient_type=\u00a0\u00bbdefault\u00a0\u00bb shape_type=\u00a0\u00bbcurve_opacity\u00a0\u00bb][vc_column column_padding=\u00a0\u00bbno-extra-padding\u00a0\u00bb column_padding_tablet=\u00a0\u00bbinherit\u00a0\u00bb column_padding_phone=\u00a0\u00bbinherit\u00a0\u00bb column_padding_position=\u00a0\u00bball\u00a0\u00bb column_element_direction_desktop=\u00a0\u00bbdefault\u00a0\u00bb column_element_spacing=\u00a0\u00bb0px\u00a0\u00bb centered_text=\u00a0\u00bbtrue\u00a0\u00bb desktop_text_alignment=\u00a0\u00bbdefault\u00a0\u00bb tablet_text_alignment=\u00a0\u00bbdefault\u00a0\u00bb phone_text_alignment=\u00a0\u00bbdefault\u00a0\u00bb background_color_opacity=\u00a0\u00bb1&Prime; background_hover_color_opacity=\u00a0\u00bb1&Prime; column_backdrop_filter=\u00a0\u00bbnone\u00a0\u00bb column_shadow=\u00a0\u00bbnone\u00a0\u00bb column_border_radius=\u00a0\u00bbnone\u00a0\u00bb column_link_target=\u00a0\u00bb_self\u00a0\u00bb column_position=\u00a0\u00bbdefault\u00a0\u00bb advanced_gradient_angle=\u00a0\u00bb0&Prime; gradient_direction=\u00a0\u00bbleft_to_right\u00a0\u00bb overlay_strength=\u00a0\u00bb0.3&Prime; width=\u00a0\u00bb1\/1&Prime; tablet_width_inherit=\u00a0\u00bbdefault\u00a0\u00bb animation_type=\u00a0\u00bbdefault\u00a0\u00bb bg_image_animation=\u00a0\u00bbnone\u00a0\u00bb border_type=\u00a0\u00bbsimple\u00a0\u00bb column_border_width=\u00a0\u00bbnone\u00a0\u00bb column_border_style=\u00a0\u00bbsolid\u00a0\u00bb gradient_type=\u00a0\u00bbdefault\u00a0\u00bb][vc_row_inner content_placement=\u00a0\u00bbmiddle\u00a0\u00bb column_margin=\u00a0\u00bb40px\u00a0\u00bb column_direction=\u00a0\u00bbdefault\u00a0\u00bb column_direction_tablet=\u00a0\u00bbdefault\u00a0\u00bb column_direction_phone=\u00a0\u00bbdefault\u00a0\u00bb text_align=\u00a0\u00bbleft\u00a0\u00bb row_position=\u00a0\u00bbdefault\u00a0\u00bb row_position_tablet=\u00a0\u00bbinherit\u00a0\u00bb row_position_phone=\u00a0\u00bbinherit\u00a0\u00bb overflow=\u00a0\u00bbvisible\u00a0\u00bb pointer_events=\u00a0\u00bball\u00a0\u00bb][vc_column_inner column_padding=\u00a0\u00bbno-extra-padding\u00a0\u00bb column_padding_tablet=\u00a0\u00bbinherit\u00a0\u00bb column_padding_phone=\u00a0\u00bbinherit\u00a0\u00bb column_padding_position=\u00a0\u00bball\u00a0\u00bb bottom_margin=\u00a0\u00bb20&Prime; column_element_direction_desktop=\u00a0\u00bbdefault\u00a0\u00bb column_element_spacing=\u00a0\u00bb0px\u00a0\u00bb desktop_text_alignment=\u00a0\u00bbdefault\u00a0\u00bb tablet_text_alignment=\u00a0\u00bbdefault\u00a0\u00bb phone_text_alignment=\u00a0\u00bbdefault\u00a0\u00bb background_color_opacity=\u00a0\u00bb1&Prime; background_hover_color_opacity=\u00a0\u00bb1&Prime; column_backdrop_filter=\u00a0\u00bbnone\u00a0\u00bb column_shadow=\u00a0\u00bbnone\u00a0\u00bb column_border_radius=\u00a0\u00bbnone\u00a0\u00bb column_link_target=\u00a0\u00bb_self\u00a0\u00bb overflow=\u00a0\u00bbvisible\u00a0\u00bb advanced_gradient_angle=\u00a0\u00bb0&Prime; gradient_direction=\u00a0\u00bbleft_to_right\u00a0\u00bb overlay_strength=\u00a0\u00bb0.3&Prime; width=\u00a0\u00bb1\/1&Prime; tablet_width_inherit=\u00a0\u00bbdefault\u00a0\u00bb animation_type=\u00a0\u00bbdefault\u00a0\u00bb enable_animation=\u00a0\u00bbtrue\u00a0\u00bb animation=\u00a0\u00bbfade-in-from-bottom\u00a0\u00bb animation_easing=\u00a0\u00bbdefault\u00a0\u00bb bg_image_animation=\u00a0\u00bbnone\u00a0\u00bb border_type=\u00a0\u00bbsimple\u00a0\u00bb column_border_width=\u00a0\u00bbnone\u00a0\u00bb column_border_style=\u00a0\u00bbsolid\u00a0\u00bb gradient_type=\u00a0\u00bbdefault\u00a0\u00bb animation_offset=\u00a0\u00bb80%\u00a0\u00bb][divider line_type=\u00a0\u00bbNo Line\u00a0\u00bb custom_height=\u00a0\u00bb40&Prime;][vc_custom_heading text=\u00a0\u00bbNos actions \u00e9cologiques\u00a0\u00bb font_container=\u00a0\u00bbtag:h1|text_align:center\u00a0\u00bb use_theme_fonts=\u00a0\u00bbyes\u00a0\u00bb css_animation=\u00a0\u00bbleft-to-right\u00a0\u00bb][divider line_type=\u00a0\u00bbNo Line\u00a0\u00bb custom_height=\u00a0\u00bb30&Prime;][vc_column_text]\n<h4 class=\"p1\">Le CHANCE Festival veut faire partie de la nouvelle g\u00e9n\u00e9ration de festivals. La r\u00e9alit\u00e9 du changement climatique est ind\u00e9niable et c&rsquo;est la raison pour laquelle nous souhaitons agir de la mani\u00e8re la plus durable possible dans de nombreux domaines &#8211; ce qui signifie en particulier<\/h4>\n[\/vc_column_text][\/vc_column_inner][\/vc_row_inner][nectar_icon_list animate=\u00a0\u00bbtrue\u00a0\u00bb color=\u00a0\u00bbdefault\u00a0\u00bb direction=\u00a0\u00bbvertical\u00a0\u00bb icon_size=\u00a0\u00bblarge\u00a0\u00bb icon_style=\u00a0\u00bbborder\u00a0\u00bb][nectar_icon_list_item icon_type=\u00a0\u00bbicon\u00a0\u00bb text_full_html=\u00a0\u00bbsimple\u00a0\u00bb title=\u00a0\u00bbList Item\u00a0\u00bb id=\u00a0\u00bb1723101501026-3&Prime; tab_id=\u00a0\u00bb1723101501027-0&Prime; icon_fontawesome=\u00a0\u00bbfa fa-recycle\u00a0\u00bb header=\u00a0\u00bbTri des d\u00e9chets\u00a0\u00bb text=\u00a0\u00bbDes poubelles de tri s\u00e9lectif sont install\u00e9es \u00e0 trois endroits strat\u00e9giques du site du festival. Outre une signal\u00e9tique claire, notre \u00e9quipe aidera les visiteurs \u00e0 trier correctement leurs d\u00e9chets.\u00a0\u00bb][\/nectar_icon_list_item][nectar_icon_list_item icon_type=\u00a0\u00bbicon\u00a0\u00bb text_full_html=\u00a0\u00bbsimple\u00a0\u00bb title=\u00a0\u00bbList Item\u00a0\u00bb id=\u00a0\u00bb1723101501032-1&Prime; tab_id=\u00a0\u00bb1723101501032-3&Prime; icon_fontawesome=\u00a0\u00bbfa fa-glass\u00a0\u00bb header=\u00a0\u00bbEau potable\u00a0\u00bb text=\u00a0\u00bbEn collaboration avec les services municipaux de D\u00fcsseldorf, des points d&apos;eau potable sont mis gratuitement \u00e0 disposition pour remplir les bouteilles d&apos;eau et les gobelets r\u00e9utilisables.\u00a0\u00bb][\/nectar_icon_list_item][nectar_icon_list_item icon_type=\u00a0\u00bbicon\u00a0\u00bb text_full_html=\u00a0\u00bbsimple\u00a0\u00bb title=\u00a0\u00bbList Item\u00a0\u00bb id=\u00a0\u00bb1723101501033-9&Prime; tab_id=\u00a0\u00bb1723101501033-9&Prime; icon_fontawesome=\u00a0\u00bbfa fa-dot-circle-o\u00a0\u00bb header=\u00a0\u00bbCollecte et recyclage des m\u00e9gots de cigarettes\u00a0\u00bb text=\u00a0\u00bbDes gobelets de poche sont disponibles \u00e0 l&apos;emporter pour les festivaliers. Tous les m\u00e9gots de cigarettes ramass\u00e9s au festival sont collect\u00e9s par notre partenaire TobaCycle, qui recycle les restes en mati\u00e8re premi\u00e8re.\u00a0\u00bb][\/nectar_icon_list_item][nectar_icon_list_item icon_type=\u00a0\u00bbicon\u00a0\u00bb text_full_html=\u00a0\u00bbsimple\u00a0\u00bb title=\u00a0\u00bbList Item\u00a0\u00bb id=\u00a0\u00bb1723101501037-6&Prime; tab_id=\u00a0\u00bb1723101501037-8&Prime; icon_fontawesome=\u00a0\u00bbfa fa-lightbulb-o\u00a0\u00bb header=\u00a0\u00bb\u00c9clairage LED\u00a0\u00bb text=\u00a0\u00bbNous \u00e9clairons notre festival principalement avec des lampes LED.\u00a0\u00bb][\/nectar_icon_list_item][nectar_icon_list_item icon_type=\u00a0\u00bbicon\u00a0\u00bb text_full_html=\u00a0\u00bbsimple\u00a0\u00bb title=\u00a0\u00bbList Item\u00a0\u00bb id=\u00a0\u00bb1723101501040-9&Prime; tab_id=\u00a0\u00bb1723101501040-7&Prime; icon_fontawesome=\u00a0\u00bbfa fa-leaf\u00a0\u00bb header=\u00a0\u00bbMoins de papier\u00a0\u00bb text=\u00a0\u00bbNous mettons l&apos;accent sur la communication num\u00e9rique. Pour l&apos;impression des affiches, nous utilisons exclusivement des mat\u00e9riaux certifi\u00e9s PEFCTM avec un \u00e9colabel ou du papier recycl\u00e9. Nous encourageons \u00e9galement les festivaliers \u00e0 utiliser le billet num\u00e9rique plut\u00f4t que d&apos;imprimer leur billet d&apos;entr\u00e9e.\u00a0\u00bb][\/nectar_icon_list_item][nectar_icon_list_item icon_type=\u00a0\u00bbicon\u00a0\u00bb text_full_html=\u00a0\u00bbsimple\u00a0\u00bb title=\u00a0\u00bbList Item\u00a0\u00bb id=\u00a0\u00bb1723101501044-2&Prime; tab_id=\u00a0\u00bb1723101501044-10&Prime; icon_fontawesome=\u00a0\u00bbfa fa-cutlery\u00a0\u00bb header=\u00a0\u00bbRestauration responsable\u00a0\u00bb text=\u00a0\u00bbLes traiteurs sont des restaurateurs locaux et proposent des plats locaux, sains et respectueux de l&apos;environnement. Tous les traiteurs s&apos;engagent \u00e0 utiliser des assiettes, des bols, des couverts et des serviettes compostables et biod\u00e9gradables et\/ou r\u00e9utilisables.\u00a0\u00bb][\/nectar_icon_list_item][nectar_icon_list_item icon_type=\u00a0\u00bbicon\u00a0\u00bb text_full_html=\u00a0\u00bbsimple\u00a0\u00bb title=\u00a0\u00bbList Item\u00a0\u00bb id=\u00a0\u00bb1723101501046-4&Prime; tab_id=\u00a0\u00bb1723101501046-3&Prime; icon_fontawesome=\u00a0\u00bbfa fa-trash\u00a0\u00bb header=\u00a0\u00bbPas de plastique \u00e0 usage unique\u00a0\u00bb text=\u00a0\u00bb- Eau potable gratuite &#8211; Distribution de bouteilles d&apos;eau r\u00e9utilisables aux techniciens et artistes &#8211; Vaisselle et serviettes compostables ou r\u00e9utilisables &#8211; Gobelets compostables et r\u00e9utilisables\u00a0\u00bb][\/nectar_icon_list_item][nectar_icon_list_item icon_type=\u00a0\u00bbicon\u00a0\u00bb text_full_html=\u00a0\u00bbsimple\u00a0\u00bb title=\u00a0\u00bbList Item\u00a0\u00bb id=\u00a0\u00bb1723101501050-7&Prime; tab_id=\u00a0\u00bb1723101501050-3&Prime; icon_fontawesome=\u00a0\u00bbfa fa-globe\u00a0\u00bb header=\u00a0\u00bbSensibilisation aux questions climatiques\u00a0\u00bb text=\u00a0\u00bbLe point d&apos;orgue du festival est la cr\u00e9ation d&apos;un espace d\u00e9di\u00e9 aux conf\u00e9rences et aux d\u00e9bats afin de sensibiliser aux questions d&apos;actualit\u00e9 dans notre soci\u00e9t\u00e9.\u00a0\u00bb][\/nectar_icon_list_item][\/nectar_icon_list][\/vc_column][\/vc_row]\n","protected":false},"excerpt":{"rendered":"<p>[vc_row type=\u00a0\u00bbfull_width_content\u00a0\u00bb full_screen_row_position=\u00a0\u00bbmiddle\u00a0\u00bb column_margin=\u00a0\u00bbdefault\u00a0\u00bb column_direction=\u00a0\u00bbdefault\u00a0\u00bb column_direction_tablet=\u00a0\u00bbdefault\u00a0\u00bb column_direction_phone=\u00a0\u00bbdefault\u00a0\u00bb animated_gradient_bg=\u00a0\u00bbtrue\u00a0\u00bb animated_gradient_bg_color_1=\u00a0\u00bb#edc00b\u00a0\u00bb animated_gradient_bg_color_2=\u00a0\u00bb#0bc175&Prime; animated_gradient_bg_speed=\u00a0\u00bb1300&Prime; animated_gradient_bg_blending_mode=\u00a0\u00bblinear\u00a0\u00bb scene_position=\u00a0\u00bbcenter\u00a0\u00bb top_padding=\u00a0\u00bb10%\u00a0\u00bb bottom_padding=\u00a0\u00bb5%\u00a0\u00bb left_padding_desktop=\u00a0\u00bb27%\u00a0\u00bb constrain_group_2=\u00a0\u00bbyes\u00a0\u00bb right_padding_desktop=\u00a0\u00bb27%\u00a0\u00bb top_padding_tablet=\u00a0\u00bb20%\u00a0\u00bb bottom_padding_tablet=\u00a0\u00bb10%\u00a0\u00bb left_padding_tablet=\u00a0\u00bb20%\u00a0\u00bb constrain_group_4=\u00a0\u00bbyes\u00a0\u00bb right_padding_tablet=\u00a0\u00bb20%\u00a0\u00bb left_padding_phone=\u00a0\u00bb6%\u00a0\u00bb constrain_group_6=\u00a0\u00bbyes\u00a0\u00bb right_padding_phone=\u00a0\u00bb6%\u00a0\u00bb text_color=\u00a0\u00bbdark\u00a0\u00bb text_align=\u00a0\u00bbleft\u00a0\u00bb row_border_radius=\u00a0\u00bbnone\u00a0\u00bb row_border_radius_applies=\u00a0\u00bbbg\u00a0\u00bb&#8230;<\/p>\n","protected":false},"author":5,"featured_media":0,"parent":0,"menu_order":0,"comment_status":"closed","ping_status":"closed","template":"","meta":{"footnotes":""},"class_list":["post-7701","page","type-page","status-publish"],"aioseo_notices":[],"_links":{"self":[{"href":"http:\/\/archive.chance-festival.com\/fr\/wp-json\/wp\/v2\/pages\/7701","targetHints":{"allow":["GET"]}}],"collection":[{"href":"http:\/\/archive.chance-festival.com\/fr\/wp-json\/wp\/v2\/pages"}],"about":[{"href":"http:\/\/archive.chance-festival.com\/fr\/wp-json\/wp\/v2\/types\/page"}],"author":[{"embeddable":true,"href":"http:\/\/archive.chance-festival.com\/fr\/wp-json\/wp\/v2\/users\/5"}],"replies":[{"embeddable":true,"href":"http:\/\/archive.chance-festival.com\/fr\/wp-json\/wp\/v2\/comments?post=7701"}],"version-history":[{"count":7,"href":"http:\/\/archive.chance-festival.com\/fr\/wp-json\/wp\/v2\/pages\/7701\/revisions"}],"predecessor-version":[{"id":10535,"href":"http:\/\/archive.chance-festival.com\/fr\/wp-json\/wp\/v2\/pages\/7701\/revisions\/10535"}],"wp:attachment":[{"href":"http:\/\/archive.chance-festival.com\/fr\/wp-json\/wp\/v2\/media?parent=7701"}],"curies":[{"name":"wp","href":"https:\/\/api.w.org\/{rel}","templated":true}]}}